{"id":1125,"date":"2023-08-16T07:23:44","date_gmt":"2023-08-16T07:23:44","guid":{"rendered":"https:\/\/www.praderasganaderas.es\/?page_id=1125"},"modified":"2023-08-16T08:42:12","modified_gmt":"2023-08-16T08:42:12","slug":"politica-de-cookies","status":"publish","type":"page","link":"https:\/\/www.praderasganaderas.es\/?page_id=1125","title":{"rendered":"Pol\u00edtica de cookies"},"content":{"rendered":"\n<h3 class=\"wp-block-heading has-black-color has-white-background-color has-text-color has-background\">POLITICA DE COOKIES<\/h3>\n\n\n\n<p class=\"has-black-color has-white-background-color has-text-color has-background\">Las cookies son peque\u00f1as cantidades de informaci\u00f3n que se almacenan en el navegador utilizado por cada usuario para que el servidor recuerde cierta informaci\u00f3n que posteriormente pueda utilizar.<\/p>\n\n\n\n<h4 class=\"wp-block-heading has-black-color has-white-background-color has-text-color has-background\">TIPOS DE COOKIES QUE UTILIZAMOS<\/h4>\n\n\n\n<p class=\"has-black-color has-white-background-color has-text-color has-background\">Esta p\u00e1gina web utiliza cookies de terceros que son aquellas que se env\u00edan a tu ordenador o terminal desde un dominio o una p\u00e1gina web que no es gestionada por nosotros, sino por otra entidad que trata los datos obtenidos a trav\u00e9s de las cookies.<\/p>\n\n\n\n<p class=\"has-black-color has-white-background-color has-text-color has-background\">En este caso las Cookies son utilizadas con fines estad\u00edsticos relacionados con las visitas que recibe y las p\u00e1ginas que se consultan, quedando aceptado su uso al navegar por ella.<\/p>\n\n\n\n<figure class=\"wp-block-table\"><table class=\"has-black-color has-white-background-color has-text-color has-background\"><tbody><tr><th>COOKIE<br>(Y PROVEEDOR)<\/th><th>DURACI\u00d3N<\/th><th>DESCRIPCI\u00d3N<\/th><\/tr><tr><td>__cfduid (notin.es)<\/td><td>Sesi\u00f3n<\/td><td>Publicidad<\/td><\/tr><tr><td>personalization_id (twitter.com)<\/td><td>Sesi\u00f3n<\/td><td>Twitter<\/td><\/tr><tr><td>Facebook<\/td><td>Publicidad, estad\u00edsticas y mediciones<\/td><td>Coloca Cookies en el ordenador o dispositivo y recibe la informaci\u00f3n almacenada en ellas cuando utilizas o visitas servicios prestados por otras empresas que utilizan los servicios de Facebook.<\/td><\/tr><tr><td>_ga (Google)<\/td><td>2 a\u00f1os<\/td><td>Se usa para distinguir a los usuarios.<\/td><\/tr><tr><td>_gid (Google)<\/td><td>24 horas<\/td><td>Se usa para distinguir a los usuarios.<\/td><\/tr><tr><td>_gat (Google)<\/td><td>1&nbsp;minuto<\/td><td>Se usa para limitar el porcentaje de solicitudes. Si has implementado Google Analytics mediante Google&nbsp;Tag&nbsp;Manager, esta cookie se llamar\u00e1 _dc_gtm_<a href=\"https:\/\/uztai.com\/\" rel=\"noreferrer noopener\" target=\"_blank\">.<\/a><\/td><\/tr><tr><td>_gali (Google)<\/td><td>30s<\/td><td>Atribuci\u00f3n de enlace mejorada.<\/td><\/tr><tr><td>_unam (SHARETHIS)<\/td><td>Persistente<\/td><td>Su finalidad es cuantificar el n\u00famero de Usuarios que comparten un determinado contenido y cu\u00e1ntas p\u00e1ginas web son visitadas a ra\u00edz de esa acci\u00f3n.<\/td><\/tr><tr><td>WordPress<\/td><td>2 a\u00f1os<\/td><td>Utilizado para el correcto funcionamiento del gestor de contenido WordPress.<\/td><\/tr><\/tbody><\/table><\/figure>\n\n\n\n<p class=\"has-black-color has-white-background-color has-text-color has-background\">Si desea m\u00e1s informaci\u00f3n m\u00e1s sobre los tipos de cookies de seguimiento y an\u00e1lisis de datos de Google&nbsp;<a href=\"https:\/\/www.google.com\/intl\/es_es\/policies\/technologies\/types\/\" rel=\"noreferrer noopener\" target=\"_blank\">haga clic aqu\u00ed<\/a>.<\/p>\n\n\n\n<p class=\"has-black-color has-white-background-color has-text-color has-background\">Para informarse sobre c\u00f3mo eliminar las cookies de su explorador:<\/p>\n\n\n\n<p class=\"has-black-color has-white-background-color has-text-color has-background\">-Firefox<\/p>\n\n\n\n<p class=\"has-black-color has-white-background-color has-text-color has-background\">-Chrome<\/p>\n\n\n\n<p class=\"has-black-color has-white-background-color has-text-color has-background\">-Internet Explorer<\/p>\n\n\n\n<p class=\"has-black-color has-white-background-color has-text-color has-background\">-Safari<\/p>\n\n\n\n<p class=\"has-black-color has-white-background-color has-text-color has-background\">-Opera<\/p>\n\n\n\n<p><\/p>\n<!-- AddThis Advanced Settings generic via filter on the_content --><!-- AddThis Share Buttons generic via filter on the_content -->","protected":false},"excerpt":{"rendered":"<p>POLITICA DE COOKIES Las cookies son peque\u00f1as cantidades de informaci\u00f3n que se almacenan en el navegador utilizado por cada usuario para que el servidor recuerde cierta informaci\u00f3n que posteriormente pueda utilizar. TIPOS DE COOKIES QUE UTILIZAMOS Esta p\u00e1gina web utiliza cookies de terceros que son aquellas que se env\u00edan a tu ordenador o terminal desde [&hellip;]<!-- AddThis Advanced Settings generic via filter on get_the_excerpt --><!-- AddThis Share Buttons generic via filter on get_the_excerpt --><\/p>\n","protected":false},"author":1,"featured_media":0,"parent":0,"menu_order":0,"comment_status":"closed","ping_status":"closed","template":"","meta":{"footnotes":""},"class_list":["post-1125","page","type-page","status-publish","hentry"],"yoast_head":"<!-- This site is optimized with the Yoast SEO plugin v27.4 - https:\/\/yoast.com\/product\/yoast-seo-wordpress\/ -->\n<title>Pol\u00edtica de cookies -<\/title>\n<meta name=\"description\" content=\"Praderas ganaderas. Ganader\u00eda Limus\u00edn\" \/>\n<meta name=\"robots\" content=\"index, follow, max-snippet:-1, max-image-preview:large, max-video-preview:-1\" \/>\n<link rel=\"canonical\" href=\"https:\/\/www.praderasganaderas.es\/?page_id=1125\" \/>\n<meta property=\"og:locale\" content=\"es_ES\" \/>\n<meta property=\"og:type\" content=\"article\" \/>\n<meta property=\"og:title\" content=\"Pol\u00edtica de cookies -\" \/>\n<meta property=\"og:description\" content=\"Praderas ganaderas. Ganader\u00eda Limus\u00edn\" \/>\n<meta property=\"og:url\" content=\"https:\/\/www.praderasganaderas.es\/?page_id=1125\" \/>\n<meta property=\"article:publisher\" content=\"https:\/\/www.facebook.com\/Praderas-Ganaderas-Ganadera-Limusn-106736105824242\/yoast\" \/>\n<meta property=\"article:modified_time\" content=\"2023-08-16T08:42:12+00:00\" \/>\n<meta name=\"twitter:card\" content=\"summary_large_image\" \/>\n<meta name=\"twitter:label1\" content=\"Tiempo de lectura\" \/>\n\t<meta name=\"twitter:data1\" content=\"2 minutos\" \/>\n<script type=\"application\/ld+json\" class=\"yoast-schema-graph\">{\"@context\":\"https:\\\/\\\/schema.org\",\"@graph\":[{\"@type\":\"WebPage\",\"@id\":\"https:\\\/\\\/www.praderasganaderas.es\\\/?page_id=1125\",\"url\":\"https:\\\/\\\/www.praderasganaderas.es\\\/?page_id=1125\",\"name\":\"Pol\u00edtica de cookies -\",\"isPartOf\":{\"@id\":\"https:\\\/\\\/www.praderasganaderas.es\\\/#website\"},\"datePublished\":\"2023-08-16T07:23:44+00:00\",\"dateModified\":\"2023-08-16T08:42:12+00:00\",\"description\":\"Praderas ganaderas. Ganader\u00eda Limus\u00edn\",\"breadcrumb\":{\"@id\":\"https:\\\/\\\/www.praderasganaderas.es\\\/?page_id=1125#breadcrumb\"},\"inLanguage\":\"es\",\"potentialAction\":[{\"@type\":\"ReadAction\",\"target\":[\"https:\\\/\\\/www.praderasganaderas.es\\\/?page_id=1125\"]}]},{\"@type\":\"BreadcrumbList\",\"@id\":\"https:\\\/\\\/www.praderasganaderas.es\\\/?page_id=1125#breadcrumb\",\"itemListElement\":[{\"@type\":\"ListItem\",\"position\":1,\"name\":\"Portada\",\"item\":\"https:\\\/\\\/www.praderasganaderas.es\\\/\"},{\"@type\":\"ListItem\",\"position\":2,\"name\":\"Pol\u00edtica de cookies\"}]},{\"@type\":\"WebSite\",\"@id\":\"https:\\\/\\\/www.praderasganaderas.es\\\/#website\",\"url\":\"https:\\\/\\\/www.praderasganaderas.es\\\/\",\"name\":\"Praderas ganaderas\",\"description\":\"Explotaci&oacute;n Ganadera\",\"publisher\":{\"@id\":\"https:\\\/\\\/www.praderasganaderas.es\\\/#organization\"},\"potentialAction\":[{\"@type\":\"SearchAction\",\"target\":{\"@type\":\"EntryPoint\",\"urlTemplate\":\"https:\\\/\\\/www.praderasganaderas.es\\\/?s={search_term_string}\"},\"query-input\":{\"@type\":\"PropertyValueSpecification\",\"valueRequired\":true,\"valueName\":\"search_term_string\"}}],\"inLanguage\":\"es\"},{\"@type\":\"Organization\",\"@id\":\"https:\\\/\\\/www.praderasganaderas.es\\\/#organization\",\"name\":\"Praderas ganaderas\",\"url\":\"https:\\\/\\\/www.praderasganaderas.es\\\/\",\"logo\":{\"@type\":\"ImageObject\",\"inLanguage\":\"es\",\"@id\":\"https:\\\/\\\/www.praderasganaderas.es\\\/#\\\/schema\\\/logo\\\/image\\\/\",\"url\":\"https:\\\/\\\/www.praderasganaderas.es\\\/wp-content\\\/uploads\\\/2023\\\/08\\\/limusin.jpg\",\"contentUrl\":\"https:\\\/\\\/www.praderasganaderas.es\\\/wp-content\\\/uploads\\\/2023\\\/08\\\/limusin.jpg\",\"width\":1700,\"height\":1197,\"caption\":\"Praderas ganaderas\"},\"image\":{\"@id\":\"https:\\\/\\\/www.praderasganaderas.es\\\/#\\\/schema\\\/logo\\\/image\\\/\"},\"sameAs\":[\"https:\\\/\\\/www.facebook.com\\\/Praderas-Ganaderas-Ganadera-Limusn-106736105824242\\\/yoast\"]}]}<\/script>\n<!-- \/ Yoast SEO plugin. -->","yoast_head_json":{"title":"Pol\u00edtica de cookies -","description":"Praderas ganaderas. Ganader\u00eda Limus\u00edn","robots":{"index":"index","follow":"follow","max-snippet":"max-snippet:-1","max-image-preview":"max-image-preview:large","max-video-preview":"max-video-preview:-1"},"canonical":"https:\/\/www.praderasganaderas.es\/?page_id=1125","og_locale":"es_ES","og_type":"article","og_title":"Pol\u00edtica de cookies -","og_description":"Praderas ganaderas. Ganader\u00eda Limus\u00edn","og_url":"https:\/\/www.praderasganaderas.es\/?page_id=1125","article_publisher":"https:\/\/www.facebook.com\/Praderas-Ganaderas-Ganadera-Limusn-106736105824242\/yoast","article_modified_time":"2023-08-16T08:42:12+00:00","twitter_card":"summary_large_image","twitter_misc":{"Tiempo de lectura":"2 minutos"},"schema":{"@context":"https:\/\/schema.org","@graph":[{"@type":"WebPage","@id":"https:\/\/www.praderasganaderas.es\/?page_id=1125","url":"https:\/\/www.praderasganaderas.es\/?page_id=1125","name":"Pol\u00edtica de cookies -","isPartOf":{"@id":"https:\/\/www.praderasganaderas.es\/#website"},"datePublished":"2023-08-16T07:23:44+00:00","dateModified":"2023-08-16T08:42:12+00:00","description":"Praderas ganaderas. Ganader\u00eda Limus\u00edn","breadcrumb":{"@id":"https:\/\/www.praderasganaderas.es\/?page_id=1125#breadcrumb"},"inLanguage":"es","potentialAction":[{"@type":"ReadAction","target":["https:\/\/www.praderasganaderas.es\/?page_id=1125"]}]},{"@type":"BreadcrumbList","@id":"https:\/\/www.praderasganaderas.es\/?page_id=1125#breadcrumb","itemListElement":[{"@type":"ListItem","position":1,"name":"Portada","item":"https:\/\/www.praderasganaderas.es\/"},{"@type":"ListItem","position":2,"name":"Pol\u00edtica de cookies"}]},{"@type":"WebSite","@id":"https:\/\/www.praderasganaderas.es\/#website","url":"https:\/\/www.praderasganaderas.es\/","name":"Praderas ganaderas","description":"Explotaci&oacute;n Ganadera","publisher":{"@id":"https:\/\/www.praderasganaderas.es\/#organization"},"potentialAction":[{"@type":"SearchAction","target":{"@type":"EntryPoint","urlTemplate":"https:\/\/www.praderasganaderas.es\/?s={search_term_string}"},"query-input":{"@type":"PropertyValueSpecification","valueRequired":true,"valueName":"search_term_string"}}],"inLanguage":"es"},{"@type":"Organization","@id":"https:\/\/www.praderasganaderas.es\/#organization","name":"Praderas ganaderas","url":"https:\/\/www.praderasganaderas.es\/","logo":{"@type":"ImageObject","inLanguage":"es","@id":"https:\/\/www.praderasganaderas.es\/#\/schema\/logo\/image\/","url":"https:\/\/www.praderasganaderas.es\/wp-content\/uploads\/2023\/08\/limusin.jpg","contentUrl":"https:\/\/www.praderasganaderas.es\/wp-content\/uploads\/2023\/08\/limusin.jpg","width":1700,"height":1197,"caption":"Praderas ganaderas"},"image":{"@id":"https:\/\/www.praderasganaderas.es\/#\/schema\/logo\/image\/"},"sameAs":["https:\/\/www.facebook.com\/Praderas-Ganaderas-Ganadera-Limusn-106736105824242\/yoast"]}]}},"_links":{"self":[{"href":"https:\/\/www.praderasganaderas.es\/index.php?rest_route=\/wp\/v2\/pages\/1125","targetHints":{"allow":["GET"]}}],"collection":[{"href":"https:\/\/www.praderasganaderas.es\/index.php?rest_route=\/wp\/v2\/pages"}],"about":[{"href":"https:\/\/www.praderasganaderas.es\/index.php?rest_route=\/wp\/v2\/types\/page"}],"author":[{"embeddable":true,"href":"https:\/\/www.praderasganaderas.es\/index.php?rest_route=\/wp\/v2\/users\/1"}],"replies":[{"embeddable":true,"href":"https:\/\/www.praderasganaderas.es\/index.php?rest_route=%2Fwp%2Fv2%2Fcomments&post=1125"}],"version-history":[{"count":3,"href":"https:\/\/www.praderasganaderas.es\/index.php?rest_route=\/wp\/v2\/pages\/1125\/revisions"}],"predecessor-version":[{"id":1130,"href":"https:\/\/www.praderasganaderas.es\/index.php?rest_route=\/wp\/v2\/pages\/1125\/revisions\/1130"}],"wp:attachment":[{"href":"https:\/\/www.praderasganaderas.es\/index.php?rest_route=%2Fwp%2Fv2%2Fmedia&parent=1125"}],"curies":[{"name":"wp","href":"https:\/\/api.w.org\/{rel}","templated":true}]}}