{"id":9,"date":"2021-02-14T19:15:17","date_gmt":"2021-02-14T19:15:17","guid":{"rendered":"http:\/\/www.praderasganaderas.es\/?page_id=9"},"modified":"2023-08-16T08:51:56","modified_gmt":"2023-08-16T08:51:56","slug":"politica-de-privacidad","status":"publish","type":"page","link":"https:\/\/www.praderasganaderas.es\/?page_id=9","title":{"rendered":"Pol\u00edtica de privacidad"},"content":{"rendered":"\n<p class=\"has-black-color has-white-background-color has-text-color has-background\">POL\u00cdTICA DE PRIVACIDAD<br><strong>1. INFORMACI\u00d3N AL USUARIO<\/strong><\/p>\n\n\n\n<p class=\"has-black-color has-white-background-color has-text-color has-background\">Praderas Ganaderas S. C., como Responsable del Tratamiento, le informa que, seg\u00fan lo dispuesto en el Reglamento (UE) 2016\/679, de 27 de abril, (RGPD) y en la L.O. 3\/2018, de 5 de diciembre, de protecci\u00f3n de datos y garant\u00eda de los derechos digitales (LOPDGDD), trataremos su datos tal y como reflejamos en la presente Pol\u00edtica de Privacidad.<\/p>\n\n\n\n<p class=\"has-black-color has-white-background-color has-text-color has-background\">En esta Pol\u00edtica de Privacidad describimos c\u00f3mo recogemos sus datos personales y por qu\u00e9 los recogemos, qu\u00e9 hacemos con ellos, con qui\u00e9n los compartimos, c\u00f3mo los protegemos y sus opciones en cuanto al tratamiento de sus datos personales.<\/p>\n\n\n\n<p class=\"has-black-color has-white-background-color has-text-color has-background\">Esta Pol\u00edtica se aplica al tratamiento de sus datos personales recogidos por la empresa para la prestaci\u00f3n de sus servicios. Si acepta las medidas de esta Pol\u00edtica, acepta que tratemos sus datos personales como se define en esta Pol\u00edtica.<\/p>\n\n\n\n<p class=\"has-black-color has-white-background-color has-text-color has-background\"><strong>2. CONTACTO<\/strong><\/p>\n\n\n\n<p class=\"has-black-color has-white-background-color has-text-color has-background\">Denominaci\u00f3n social: Praderas Ganaderas S.C. Nombre comercial: Praderas Ganaderas CIF: J49216666 Domicilio: Calle Mayor, 29 (La Cabeza de B\u00e9jar. Salamanca. 37773) e-mail: praderasganaderas@yahoo.es&nbsp;<\/p>\n\n\n\n<p class=\"has-black-color has-white-background-color has-text-color has-background\"><strong>3. PRINCIPIOS CLAVE<\/strong><\/p>\n\n\n\n<p class=\"has-black-color has-white-background-color has-text-color has-background\">Siempre hemos estado comprometidos con prestar nuestros servicios con el m\u00e1s alto grado de calidad, lo que incluye tratar sus datos con seguridad y transparencia. Nuestros principios son:<\/p>\n\n\n\n<p class=\"has-black-color has-white-background-color has-text-color has-background\">-Legalidad: Solo recopilaremos sus Datos personales para fines espec\u00edficos, expl\u00edcitos y leg\u00edtimos.<\/p>\n\n\n\n<p class=\"has-black-color has-white-background-color has-text-color has-background\">-Minimizaci\u00f3n de datos: Limitamos la recogida de datos de car\u00e1cter personal a lo que es estrictamente relevante y necesario para los fines para los que se han recopilado.<\/p>\n\n\n\n<p class=\"has-black-color has-white-background-color has-text-color has-background\">-Limitaci\u00f3n de la Finalidad: Solo recogeremos sus datos personales para los fines declarados y solo seg\u00fan sus deseos.<\/p>\n\n\n\n<p class=\"has-black-color has-white-background-color has-text-color has-background\">-Precisi\u00f3n: Mantendremos sus datos personales exactos y actualizados.<\/p>\n\n\n\n<p class=\"has-black-color has-white-background-color has-text-color has-background\">-Seguridad de los Datos: Aplicamos las medidas t\u00e9cnicas y organizativas adecuadas y proporcionales a los riesgos para garantizar que sus datos no sufran da\u00f1os, tales como divulgaci\u00f3n o acceso no autorizado, la destrucci\u00f3n accidental o il\u00edcita o su p\u00e9rdida accidental o alteraci\u00f3n y cualquier otra forma de tratamiento il\u00edcito.<\/p>\n\n\n\n<p class=\"has-black-color has-white-background-color has-text-color has-background\">-Acceso y Rectificaci\u00f3n: Disponemos de medios para que acceda o rectifique sus datos cuando lo considere oportuno.<\/p>\n\n\n\n<p class=\"has-black-color has-white-background-color has-text-color has-background\">-Conservaci\u00f3n: Conservamos sus datos personales de manera legal y apropiada y solo mientras es necesario para los fines para los que se han recopilado.<\/p>\n\n\n\n<p class=\"has-black-color has-white-background-color has-text-color has-background\">-Las transferencias internacionales: cuando se d\u00e9 el caso de que sus datos vayan a ser transferidos fuera de la UE\/EEE se proteger\u00e1n adecuadamente.<\/p>\n\n\n\n<p class=\"has-black-color has-white-background-color has-text-color has-background\">-Terceros: El acceso y transferencia de datos personales a terceros se llevan a cabo de acuerdo con las leyes y reglamentos aplicables y con las garant\u00edas contractuales adecuadas.<\/p>\n\n\n\n<p class=\"has-black-color has-white-background-color has-text-color has-background\">-Marketing Directo y cookies: Cumplimos con la legislaci\u00f3n aplicable en materia de publicidad y cookies.<\/p>\n\n\n\n<p class=\"has-black-color has-white-background-color has-text-color has-background\"><strong>4. RECOGIDA Y TRATAMIENTO DE SUS DATOS PERSONALES<\/strong><\/p>\n\n\n\n<p class=\"has-black-color has-white-background-color has-text-color has-background\">Los tipos de datos que se pueden solicitar y tratar son:<\/p>\n\n\n\n<p class=\"has-black-color has-white-background-color has-text-color has-background\">-Datos de car\u00e1cter identificativo.<\/p>\n\n\n\n<p class=\"has-black-color has-white-background-color has-text-color has-background\">Tambi\u00e9n recogemos de forma autom\u00e1tica datos sobre su visita a nuestro sitio web&nbsp; seg\u00fan se describe en la pol\u00edtica de cookies.<\/p>\n\n\n\n<p class=\"has-black-color has-white-background-color has-text-color has-background\">Siempre que solicitemos sus Datos personales, le informaremos con claridad de qu\u00e9 datos personales recogemos y con qu\u00e9 fin. En general, recogemos y tratamos sus datos personales con el prop\u00f3sito de:<br>-Proporcionar informaci\u00f3n, servicios, productos, informaci\u00f3n relevante y novedades en el sector.<br>-Env\u00edo de comunicaciones.<\/p>\n\n\n\n<p class=\"has-black-color has-white-background-color has-text-color has-background\"><strong>5. LEGITIMIDAD<\/strong><\/p>\n\n\n\n<p class=\"has-black-color has-white-background-color has-text-color has-background\">De acuerdo con la normativa de protecci\u00f3n de datos aplicable, sus datos personales podr\u00e1n tratarse siempre que:<\/p>\n\n\n\n<p class=\"has-black-color has-white-background-color has-text-color has-background\">&#8211; Nos ha dado su consentimiento a los efectos del tratamiento. Por supuesto podr\u00e1 retirar su consentimiento en cualquier momento.<\/p>\n\n\n\n<p class=\"has-black-color has-white-background-color has-text-color has-background\">-Por requerimiento legal.<\/p>\n\n\n\n<p class=\"has-black-color has-white-background-color has-text-color has-background\">-Por exisitir un inter\u00e9s leg\u00edtimo que no se vea menoscabado por sus derechos de privacidad, como por ejemplo el env\u00edo de informaci\u00f3n comercial bien por suscripci\u00f3n a nuestra newsletter o por su condici\u00f3n de cliente.<\/p>\n\n\n\n<p class=\"has-black-color has-white-background-color has-text-color has-background\">-Por se necesaria para la prestaci\u00f3n de alguno de nuestros servicios mediante relaci\u00f3n contractual entre usted y nosotros.<\/p>\n\n\n\n<p class=\"has-black-color has-white-background-color has-text-color has-background\"><strong>6. COMUNICACI\u00d3N DE DATOS PERSONALES<\/strong><\/p>\n\n\n\n<p class=\"has-black-color has-white-background-color has-text-color has-background\">Los datos pueden ser comunicados a empresas relacionadas con&nbsp;<strong>Praderas Ganaderas S.C.<\/strong>&nbsp;para la prestaci\u00f3n de los diversos servicios en calidad de Encargados del Tratamiento. La empresa no realizar\u00e1 ninguna cesi\u00f3n, salvo por obligaci\u00f3n legal.<\/p>\n\n\n\n<p class=\"has-black-color has-white-background-color has-text-color has-background\"><strong>7. SUS DERECHOS<\/strong><\/p>\n\n\n\n<p class=\"has-black-color has-white-background-color has-text-color has-background\">En relaci\u00f3n con la recogida y tratamiento de sus datos personales, puede ponerse en contacto con nosotros en cualquier momento para:<\/p>\n\n\n\n<p class=\"has-black-color has-white-background-color has-text-color has-background\">-Acceder a sus datos personales y a cualquier otra informaci\u00f3n indicada en el Art\u00edculo 15.1 del RGPD.<br>-Rectificar sus datos personales que sean inexactos o est\u00e9n incompletos de acuerdo con el Art\u00edculo 16 del RGPD.<br>-Suprimir sus datos personales de acuerdo con el Art\u00edculo 17 del RGPD.<br>-Limitar el tratamiento de sus datos personales de acuerdo con el Art\u00edculo 18 del RGPD.<br>-Solicitar la portabilidad de sus datos de acuerdo con el Art\u00edculo 20 del RGPD.<br>-Oponerse al tratamiento de sus datos personales de acuerdo con el art\u00edculo 21 del RGPD.<\/p>\n\n\n\n<p class=\"has-black-color has-white-background-color has-text-color has-background\">Si ha otorgado su consentimiento para alguna finalidad concreta, tiene derecho a retirar el consentimiento otorgado en cualquier momento, sin que ello afecte a la licitud del tratamiento basado en el consentimiento previo a su retirada rrhh.<\/p>\n\n\n\n<p class=\"has-black-color has-white-background-color has-text-color has-background\">Puede ejercer estos derechos enviando comunicaci\u00f3n, motivada y acreditada, a praderasganaderas@yahoo.es<\/p>\n\n\n\n<p class=\"has-black-color has-white-background-color has-text-color has-background\">Tambi\u00e9n tiene derecho a presentar una reclamaci\u00f3n ante la Autoridad de control competente (www.aepd.es) si&nbsp;considera que el tratamiento no se ajusta a la normativa vigente.<\/p>\n\n\n\n<p class=\"has-black-color has-white-background-color has-text-color has-background\"><strong>8. INFORMACI\u00d3N LEGAL<\/strong><\/p>\n\n\n\n<p class=\"has-black-color has-white-background-color has-text-color has-background\">Los requisitos de esta Pol\u00edtica complementan, y no reemplazan, cualquier otro requisito existente bajo la ley de protecci\u00f3n de datos aplicable, que ser\u00e1 la que prevalezca en cualquier caso.<\/p>\n\n\n\n<p class=\"has-black-color has-white-background-color has-text-color has-background\">Esta Pol\u00edtica est\u00e1 sujeta a revisiones peri\u00f3dicas y la empresa puede modificarla en cualquier momento. Cuando esto ocurra, le avisaremos de cualquier cambio y le pediremos que vuelva a leer la versi\u00f3n m\u00e1s reciente de nuestra Pol\u00edtica y que confirme su aceptaci\u00f3n.<\/p>\n\n\n\n<p class=\"has-black-color has-white-background-color has-text-color has-background\"><\/p>\n<!-- AddThis Advanced Settings generic via filter on the_content --><!-- AddThis Share Buttons generic via filter on the_content -->","protected":false},"excerpt":{"rendered":"<p>POL\u00cdTICA DE PRIVACIDAD1. INFORMACI\u00d3N AL USUARIO Praderas Ganaderas S. C., como Responsable del Tratamiento, le informa que, seg\u00fan lo dispuesto en el Reglamento (UE) 2016\/679, de 27 de abril, (RGPD) y en la L.O. 3\/2018, de 5 de diciembre, de protecci\u00f3n de datos y garant\u00eda de los derechos digitales (LOPDGDD), trataremos su datos tal y [&hellip;]<!-- AddThis Advanced Settings generic via filter on get_the_excerpt --><!-- AddThis Share Buttons generic via filter on get_the_excerpt --><\/p>\n","protected":false},"author":1,"featured_media":0,"parent":0,"menu_order":0,"comment_status":"closed","ping_status":"closed","template":"","meta":{"footnotes":""},"class_list":["post-9","page","type-page","status-publish","hentry"],"yoast_head":"<!-- This site is optimized with the Yoast SEO plugin v27.4 - https:\/\/yoast.com\/product\/yoast-seo-wordpress\/ -->\n<title>Pol\u00edtica de privacidad -<\/title>\n<meta name=\"description\" content=\"Praderas ganaderas. Ganader\u00eda Limus\u00edn\" \/>\n<meta name=\"robots\" content=\"noindex, follow\" \/>\n<meta property=\"og:locale\" content=\"es_ES\" \/>\n<meta property=\"og:type\" content=\"article\" \/>\n<meta property=\"og:title\" content=\"Pol\u00edtica de privacidad -\" \/>\n<meta property=\"og:description\" content=\"Praderas ganaderas. Ganader\u00eda Limus\u00edn\" \/>\n<meta property=\"og:url\" content=\"https:\/\/www.praderasganaderas.es\/?page_id=9\" \/>\n<meta property=\"article:publisher\" content=\"https:\/\/www.facebook.com\/Praderas-Ganaderas-Ganadera-Limusn-106736105824242\/yoast\" \/>\n<meta property=\"article:modified_time\" content=\"2023-08-16T08:51:56+00:00\" \/>\n<meta name=\"twitter:card\" content=\"summary_large_image\" \/>\n<meta name=\"twitter:label1\" content=\"Tiempo de lectura\" \/>\n\t<meta name=\"twitter:data1\" content=\"5 minutos\" \/>\n<script type=\"application\/ld+json\" class=\"yoast-schema-graph\">{\"@context\":\"https:\\\/\\\/schema.org\",\"@graph\":[{\"@type\":\"WebPage\",\"@id\":\"https:\\\/\\\/www.praderasganaderas.es\\\/?page_id=9\",\"url\":\"https:\\\/\\\/www.praderasganaderas.es\\\/?page_id=9\",\"name\":\"Pol\u00edtica de privacidad -\",\"isPartOf\":{\"@id\":\"https:\\\/\\\/www.praderasganaderas.es\\\/#website\"},\"datePublished\":\"2021-02-14T19:15:17+00:00\",\"dateModified\":\"2023-08-16T08:51:56+00:00\",\"description\":\"Praderas ganaderas. Ganader\u00eda Limus\u00edn\",\"breadcrumb\":{\"@id\":\"https:\\\/\\\/www.praderasganaderas.es\\\/?page_id=9#breadcrumb\"},\"inLanguage\":\"es\",\"potentialAction\":[{\"@type\":\"ReadAction\",\"target\":[\"https:\\\/\\\/www.praderasganaderas.es\\\/?page_id=9\"]}]},{\"@type\":\"BreadcrumbList\",\"@id\":\"https:\\\/\\\/www.praderasganaderas.es\\\/?page_id=9#breadcrumb\",\"itemListElement\":[{\"@type\":\"ListItem\",\"position\":1,\"name\":\"Portada\",\"item\":\"https:\\\/\\\/www.praderasganaderas.es\\\/\"},{\"@type\":\"ListItem\",\"position\":2,\"name\":\"Pol\u00edtica de privacidad\"}]},{\"@type\":\"WebSite\",\"@id\":\"https:\\\/\\\/www.praderasganaderas.es\\\/#website\",\"url\":\"https:\\\/\\\/www.praderasganaderas.es\\\/\",\"name\":\"Praderas ganaderas\",\"description\":\"Explotaci&oacute;n Ganadera\",\"publisher\":{\"@id\":\"https:\\\/\\\/www.praderasganaderas.es\\\/#organization\"},\"potentialAction\":[{\"@type\":\"SearchAction\",\"target\":{\"@type\":\"EntryPoint\",\"urlTemplate\":\"https:\\\/\\\/www.praderasganaderas.es\\\/?s={search_term_string}\"},\"query-input\":{\"@type\":\"PropertyValueSpecification\",\"valueRequired\":true,\"valueName\":\"search_term_string\"}}],\"inLanguage\":\"es\"},{\"@type\":\"Organization\",\"@id\":\"https:\\\/\\\/www.praderasganaderas.es\\\/#organization\",\"name\":\"Praderas ganaderas\",\"url\":\"https:\\\/\\\/www.praderasganaderas.es\\\/\",\"logo\":{\"@type\":\"ImageObject\",\"inLanguage\":\"es\",\"@id\":\"https:\\\/\\\/www.praderasganaderas.es\\\/#\\\/schema\\\/logo\\\/image\\\/\",\"url\":\"https:\\\/\\\/www.praderasganaderas.es\\\/wp-content\\\/uploads\\\/2023\\\/08\\\/limusin.jpg\",\"contentUrl\":\"https:\\\/\\\/www.praderasganaderas.es\\\/wp-content\\\/uploads\\\/2023\\\/08\\\/limusin.jpg\",\"width\":1700,\"height\":1197,\"caption\":\"Praderas ganaderas\"},\"image\":{\"@id\":\"https:\\\/\\\/www.praderasganaderas.es\\\/#\\\/schema\\\/logo\\\/image\\\/\"},\"sameAs\":[\"https:\\\/\\\/www.facebook.com\\\/Praderas-Ganaderas-Ganadera-Limusn-106736105824242\\\/yoast\"]}]}<\/script>\n<!-- \/ Yoast SEO plugin. -->","yoast_head_json":{"title":"Pol\u00edtica de privacidad -","description":"Praderas ganaderas. Ganader\u00eda Limus\u00edn","robots":{"index":"noindex","follow":"follow"},"og_locale":"es_ES","og_type":"article","og_title":"Pol\u00edtica de privacidad -","og_description":"Praderas ganaderas. Ganader\u00eda Limus\u00edn","og_url":"https:\/\/www.praderasganaderas.es\/?page_id=9","article_publisher":"https:\/\/www.facebook.com\/Praderas-Ganaderas-Ganadera-Limusn-106736105824242\/yoast","article_modified_time":"2023-08-16T08:51:56+00:00","twitter_card":"summary_large_image","twitter_misc":{"Tiempo de lectura":"5 minutos"},"schema":{"@context":"https:\/\/schema.org","@graph":[{"@type":"WebPage","@id":"https:\/\/www.praderasganaderas.es\/?page_id=9","url":"https:\/\/www.praderasganaderas.es\/?page_id=9","name":"Pol\u00edtica de privacidad -","isPartOf":{"@id":"https:\/\/www.praderasganaderas.es\/#website"},"datePublished":"2021-02-14T19:15:17+00:00","dateModified":"2023-08-16T08:51:56+00:00","description":"Praderas ganaderas. Ganader\u00eda Limus\u00edn","breadcrumb":{"@id":"https:\/\/www.praderasganaderas.es\/?page_id=9#breadcrumb"},"inLanguage":"es","potentialAction":[{"@type":"ReadAction","target":["https:\/\/www.praderasganaderas.es\/?page_id=9"]}]},{"@type":"BreadcrumbList","@id":"https:\/\/www.praderasganaderas.es\/?page_id=9#breadcrumb","itemListElement":[{"@type":"ListItem","position":1,"name":"Portada","item":"https:\/\/www.praderasganaderas.es\/"},{"@type":"ListItem","position":2,"name":"Pol\u00edtica de privacidad"}]},{"@type":"WebSite","@id":"https:\/\/www.praderasganaderas.es\/#website","url":"https:\/\/www.praderasganaderas.es\/","name":"Praderas ganaderas","description":"Explotaci&oacute;n Ganadera","publisher":{"@id":"https:\/\/www.praderasganaderas.es\/#organization"},"potentialAction":[{"@type":"SearchAction","target":{"@type":"EntryPoint","urlTemplate":"https:\/\/www.praderasganaderas.es\/?s={search_term_string}"},"query-input":{"@type":"PropertyValueSpecification","valueRequired":true,"valueName":"search_term_string"}}],"inLanguage":"es"},{"@type":"Organization","@id":"https:\/\/www.praderasganaderas.es\/#organization","name":"Praderas ganaderas","url":"https:\/\/www.praderasganaderas.es\/","logo":{"@type":"ImageObject","inLanguage":"es","@id":"https:\/\/www.praderasganaderas.es\/#\/schema\/logo\/image\/","url":"https:\/\/www.praderasganaderas.es\/wp-content\/uploads\/2023\/08\/limusin.jpg","contentUrl":"https:\/\/www.praderasganaderas.es\/wp-content\/uploads\/2023\/08\/limusin.jpg","width":1700,"height":1197,"caption":"Praderas ganaderas"},"image":{"@id":"https:\/\/www.praderasganaderas.es\/#\/schema\/logo\/image\/"},"sameAs":["https:\/\/www.facebook.com\/Praderas-Ganaderas-Ganadera-Limusn-106736105824242\/yoast"]}]}},"_links":{"self":[{"href":"https:\/\/www.praderasganaderas.es\/index.php?rest_route=\/wp\/v2\/pages\/9","targetHints":{"allow":["GET"]}}],"collection":[{"href":"https:\/\/www.praderasganaderas.es\/index.php?rest_route=\/wp\/v2\/pages"}],"about":[{"href":"https:\/\/www.praderasganaderas.es\/index.php?rest_route=\/wp\/v2\/types\/page"}],"author":[{"embeddable":true,"href":"https:\/\/www.praderasganaderas.es\/index.php?rest_route=\/wp\/v2\/users\/1"}],"replies":[{"embeddable":true,"href":"https:\/\/www.praderasganaderas.es\/index.php?rest_route=%2Fwp%2Fv2%2Fcomments&post=9"}],"version-history":[{"count":13,"href":"https:\/\/www.praderasganaderas.es\/index.php?rest_route=\/wp\/v2\/pages\/9\/revisions"}],"predecessor-version":[{"id":1157,"href":"https:\/\/www.praderasganaderas.es\/index.php?rest_route=\/wp\/v2\/pages\/9\/revisions\/1157"}],"wp:attachment":[{"href":"https:\/\/www.praderasganaderas.es\/index.php?rest_route=%2Fwp%2Fv2%2Fmedia&parent=9"}],"curies":[{"name":"wp","href":"https:\/\/api.w.org\/{rel}","templated":true}]}}